{"id":18068,"date":"2022-01-02T16:41:43","date_gmt":"2022-01-02T21:41:43","guid":{"rendered":"https:\/\/revealyourchampion.ca\/?page_id=18068"},"modified":"2022-01-10T14:50:17","modified_gmt":"2022-01-10T19:50:17","slug":"rvc22","status":"publish","type":"page","link":"https:\/\/revealyourchampion.ca\/fr\/","title":{"rendered":"RVC&#8217;22"},"content":{"rendered":"<div id=\"cs-content\" class=\"cs-content\"><\/div>\n","protected":false},"excerpt":{"rendered":"<p>R\u00e9v\u00e9lez votre champion &#8217;22 Il est temps de bouger avec Olympiques sp\u00e9ciaux Ontario! Commencez l&#8217;ann\u00e9e 2022 du bon pied et R\u00e9v\u00e9lez votre champion! Qu&#8217;est-ce que le programme \u00ab R\u00e9v\u00e9lez votre champion \u00bb ? RVC&#8217;22 est un programme virtuel de 8 semaines qui offre aux membres inscrits une vari\u00e9t\u00e9 d&#8217;opportunit\u00e9s d&#8217;exercices, de croissance sociale et personnelle dans un environnement amusant et &#8230; <\/p>\n<div><a href=\"https:\/\/revealyourchampion.ca\/fr\/\" class=\"more-link\">Read More<\/a><\/div>\n","protected":false},"author":13,"featured_media":0,"parent":0,"menu_order":0,"comment_status":"closed","ping_status":"closed","template":"template-blank-4.php","meta":{"_acf_changed":false,"footnotes":""},"class_list":["post-18068","page","type-page","status-publish","hentry","no-post-thumbnail"],"acf":[],"_links":{"self":[{"href":"https:\/\/revealyourchampion.ca\/fr\/wp-json\/wp\/v2\/pages\/18068","targetHints":{"allow":["GET"]}}],"collection":[{"href":"https:\/\/revealyourchampion.ca\/fr\/wp-json\/wp\/v2\/pages"}],"about":[{"href":"https:\/\/revealyourchampion.ca\/fr\/wp-json\/wp\/v2\/types\/page"}],"author":[{"embeddable":true,"href":"https:\/\/revealyourchampion.ca\/fr\/wp-json\/wp\/v2\/users\/13"}],"replies":[{"embeddable":true,"href":"https:\/\/revealyourchampion.ca\/fr\/wp-json\/wp\/v2\/comments?post=18068"}],"version-history":[{"count":0,"href":"https:\/\/revealyourchampion.ca\/fr\/wp-json\/wp\/v2\/pages\/18068\/revisions"}],"wp:attachment":[{"href":"https:\/\/revealyourchampion.ca\/fr\/wp-json\/wp\/v2\/media?parent=18068"}],"curies":[{"name":"wp","href":"https:\/\/api.w.org\/{rel}","templated":true}]}}