{"id":14881,"date":"2021-01-18T08:17:42","date_gmt":"2021-01-18T13:17:42","guid":{"rendered":"https:\/\/revealyourchampion.ca\/strength\/"},"modified":"2021-12-20T15:06:17","modified_gmt":"2021-12-20T20:06:17","slug":"strength","status":"publish","type":"page","link":"https:\/\/revealyourchampion.ca\/fr\/strength\/","title":{"rendered":"La force"},"content":{"rendered":"<div id=\"cs-content\" class=\"cs-content\"><\/div>\n","protected":false},"excerpt":{"rendered":"<p>La force fait travailler vos muscles en utilisant la r\u00e9sistance, comme un halt\u00e8re ou votre propre poids. La force est un indicateur important de la performance dans de nombreux sports d&#8217;Olympiques sp\u00e9ciaux. Tous les sports explosifs et de vitesse requi\u00e8rent de la force, comme la dynamophilie, le basket-ball et le cyclisme. La musculation permet de d\u00e9velopper les muscles du dos, &#8230; <\/p>\n<div><a href=\"https:\/\/revealyourchampion.ca\/fr\/strength\/\" class=\"more-link\">Read More<\/a><\/div>\n","protected":false},"author":13,"featured_media":0,"parent":0,"menu_order":0,"comment_status":"closed","ping_status":"closed","template":"template-blank-4.php","meta":{"_acf_changed":false,"footnotes":""},"class_list":["post-14881","page","type-page","status-publish","hentry","no-post-thumbnail"],"acf":[],"_links":{"self":[{"href":"https:\/\/revealyourchampion.ca\/fr\/wp-json\/wp\/v2\/pages\/14881","targetHints":{"allow":["GET"]}}],"collection":[{"href":"https:\/\/revealyourchampion.ca\/fr\/wp-json\/wp\/v2\/pages"}],"about":[{"href":"https:\/\/revealyourchampion.ca\/fr\/wp-json\/wp\/v2\/types\/page"}],"author":[{"embeddable":true,"href":"https:\/\/revealyourchampion.ca\/fr\/wp-json\/wp\/v2\/users\/13"}],"replies":[{"embeddable":true,"href":"https:\/\/revealyourchampion.ca\/fr\/wp-json\/wp\/v2\/comments?post=14881"}],"version-history":[{"count":0,"href":"https:\/\/revealyourchampion.ca\/fr\/wp-json\/wp\/v2\/pages\/14881\/revisions"}],"wp:attachment":[{"href":"https:\/\/revealyourchampion.ca\/fr\/wp-json\/wp\/v2\/media?parent=14881"}],"curies":[{"name":"wp","href":"https:\/\/api.w.org\/{rel}","templated":true}]}}