{"id":14871,"date":"2021-02-05T14:37:53","date_gmt":"2021-02-05T19:37:53","guid":{"rendered":"https:\/\/revealyourchampion.ca\/login\/"},"modified":"2021-02-10T19:18:45","modified_gmt":"2021-02-11T00:18:45","slug":"login","status":"publish","type":"page","link":"https:\/\/revealyourchampion.ca\/fr\/login\/","title":{"rendered":"Connexion"},"content":{"rendered":"<div id=\"cs-content\" class=\"cs-content\"><\/div>\n","protected":false},"excerpt":{"rendered":"<p>CONNEXIONVeuillez noterSi vous \u00eates d\u00e9j\u00e0 inscrit sur notre site de Jeux virtuels, vous pouvez utiliser votre nom d&#8217;utilisateur et votre mot de passe pour vous connecter ici. Formulaire de connexionIdentifiant(N\u00e9cessaire)Mot de passe(N\u00e9cessaire) Se souvenir de moi forget my password<\/p>\n","protected":false},"author":13,"featured_media":0,"parent":0,"menu_order":0,"comment_status":"closed","ping_status":"closed","template":"template-blank-4.php","meta":{"_acf_changed":false,"footnotes":""},"class_list":["post-14871","page","type-page","status-publish","hentry","no-post-thumbnail"],"acf":[],"_links":{"self":[{"href":"https:\/\/revealyourchampion.ca\/fr\/wp-json\/wp\/v2\/pages\/14871","targetHints":{"allow":["GET"]}}],"collection":[{"href":"https:\/\/revealyourchampion.ca\/fr\/wp-json\/wp\/v2\/pages"}],"about":[{"href":"https:\/\/revealyourchampion.ca\/fr\/wp-json\/wp\/v2\/types\/page"}],"author":[{"embeddable":true,"href":"https:\/\/revealyourchampion.ca\/fr\/wp-json\/wp\/v2\/users\/13"}],"replies":[{"embeddable":true,"href":"https:\/\/revealyourchampion.ca\/fr\/wp-json\/wp\/v2\/comments?post=14871"}],"version-history":[{"count":0,"href":"https:\/\/revealyourchampion.ca\/fr\/wp-json\/wp\/v2\/pages\/14871\/revisions"}],"wp:attachment":[{"href":"https:\/\/revealyourchampion.ca\/fr\/wp-json\/wp\/v2\/media?parent=14871"}],"curies":[{"name":"wp","href":"https:\/\/api.w.org\/{rel}","templated":true}]}}