{"id":14865,"date":"2020-12-04T14:46:27","date_gmt":"2020-12-04T19:46:27","guid":{"rendered":"https:\/\/revealyourchampion.ca\/goal-setting\/"},"modified":"2021-08-31T14:09:47","modified_gmt":"2021-08-31T18:09:47","slug":"goal-setting","status":"publish","type":"page","link":"https:\/\/revealyourchampion.ca\/fr\/goal-setting\/","title":{"rendered":"Objectifs"},"content":{"rendered":"<div id=\"cs-content\" class=\"cs-content\"><\/div>\n","protected":false},"excerpt":{"rendered":"<p>FIXEZ VOTRE OBJECTIF MAINTENANTTout d&#8217;abord, qu&#8217;est-ce qu&#8217;un OBJECTIF ? La fixation d&#8217;objectifs est un processus puissant pour r\u00e9fl\u00e9chir \u00e0 votre avenir id\u00e9al et pour vous motiver \u00e0 transformer votre vision de cet avenir en r\u00e9alit\u00e9 ! Les objectifs sont importants pour tout le monde : athl\u00e8tes, musiciens, avocats&#8230; ils vous aident \u00e0 comprendre o\u00f9 vous aimeriez aller dans votre avenir &#8230; <\/p>\n<div><a href=\"https:\/\/revealyourchampion.ca\/fr\/goal-setting\/\" class=\"more-link\">Read More<\/a><\/div>\n","protected":false},"author":13,"featured_media":0,"parent":0,"menu_order":0,"comment_status":"closed","ping_status":"closed","template":"template-blank-4.php","meta":{"_acf_changed":false,"footnotes":""},"class_list":["post-14865","page","type-page","status-publish","hentry","no-post-thumbnail"],"acf":[],"_links":{"self":[{"href":"https:\/\/revealyourchampion.ca\/fr\/wp-json\/wp\/v2\/pages\/14865","targetHints":{"allow":["GET"]}}],"collection":[{"href":"https:\/\/revealyourchampion.ca\/fr\/wp-json\/wp\/v2\/pages"}],"about":[{"href":"https:\/\/revealyourchampion.ca\/fr\/wp-json\/wp\/v2\/types\/page"}],"author":[{"embeddable":true,"href":"https:\/\/revealyourchampion.ca\/fr\/wp-json\/wp\/v2\/users\/13"}],"replies":[{"embeddable":true,"href":"https:\/\/revealyourchampion.ca\/fr\/wp-json\/wp\/v2\/comments?post=14865"}],"version-history":[{"count":0,"href":"https:\/\/revealyourchampion.ca\/fr\/wp-json\/wp\/v2\/pages\/14865\/revisions"}],"wp:attachment":[{"href":"https:\/\/revealyourchampion.ca\/fr\/wp-json\/wp\/v2\/media?parent=14865"}],"curies":[{"name":"wp","href":"https:\/\/api.w.org\/{rel}","templated":true}]}}