{"id":14844,"date":"2021-01-18T08:24:02","date_gmt":"2021-01-18T13:24:02","guid":{"rendered":"https:\/\/revealyourchampion.ca\/endurance\/"},"modified":"2021-12-20T15:02:44","modified_gmt":"2021-12-20T20:02:44","slug":"endurance","status":"publish","type":"page","link":"https:\/\/revealyourchampion.ca\/fr\/endurance\/","title":{"rendered":"L\u2019endurance"},"content":{"rendered":"<div id=\"cs-content\" class=\"cs-content\"><\/div>\n","protected":false},"excerpt":{"rendered":"<p>Avoir une bonne endurance signifie que vous \u00eates capable de pratiquer des activit\u00e9s physiques pendant une longue p\u00e9riode. Pour atteindre une meilleure endurance, nous devons solliciter nos muscles cardiaques, entra\u00eener nos poumons et faire travailler tous les muscles de notre corps. L&#8217;entra\u00eenement de l&#8217;endurance permet de r\u00e9aliser de bonnes performances dans des sports tels que le ski de fond, la &#8230; <\/p>\n<div><a href=\"https:\/\/revealyourchampion.ca\/fr\/endurance\/\" class=\"more-link\">Read More<\/a><\/div>\n","protected":false},"author":13,"featured_media":0,"parent":0,"menu_order":0,"comment_status":"closed","ping_status":"closed","template":"template-blank-4.php","meta":{"_acf_changed":false,"footnotes":""},"class_list":["post-14844","page","type-page","status-publish","hentry","no-post-thumbnail"],"acf":[],"_links":{"self":[{"href":"https:\/\/revealyourchampion.ca\/fr\/wp-json\/wp\/v2\/pages\/14844","targetHints":{"allow":["GET"]}}],"collection":[{"href":"https:\/\/revealyourchampion.ca\/fr\/wp-json\/wp\/v2\/pages"}],"about":[{"href":"https:\/\/revealyourchampion.ca\/fr\/wp-json\/wp\/v2\/types\/page"}],"author":[{"embeddable":true,"href":"https:\/\/revealyourchampion.ca\/fr\/wp-json\/wp\/v2\/users\/13"}],"replies":[{"embeddable":true,"href":"https:\/\/revealyourchampion.ca\/fr\/wp-json\/wp\/v2\/comments?post=14844"}],"version-history":[{"count":0,"href":"https:\/\/revealyourchampion.ca\/fr\/wp-json\/wp\/v2\/pages\/14844\/revisions"}],"wp:attachment":[{"href":"https:\/\/revealyourchampion.ca\/fr\/wp-json\/wp\/v2\/media?parent=14844"}],"curies":[{"name":"wp","href":"https:\/\/api.w.org\/{rel}","templated":true}]}}