{"id":14839,"date":"2021-01-18T08:47:57","date_gmt":"2021-01-18T13:47:57","guid":{"rendered":"https:\/\/revealyourchampion.ca\/agility\/"},"modified":"2021-10-27T10:22:47","modified_gmt":"2021-10-27T14:22:47","slug":"agility","status":"publish","type":"page","link":"https:\/\/revealyourchampion.ca\/fr\/agility\/","title":{"rendered":"L&#8217;agilit\u00e9"},"content":{"rendered":"<div id=\"cs-content\" class=\"cs-content\"><\/div>\n","protected":false},"excerpt":{"rendered":"<p>La vitesse et l&#8217;agilit\u00e9 sont des mouvements rapides et coordonn\u00e9s. Nous travaillerons \u00e0 am\u00e9liorer notre vitesse de fa\u00e7on lin\u00e9aire, lat\u00e9rale et dans de multiples directions. En participant \u00e0 ces exercices, vous serez un athl\u00e8te plus rapide et plus dou\u00e9. Les sports qui d\u00e9pendent de la vitesse sont le football, le basket-ball, le patinage artistique, le ski et bien d&#8217;autres encore &#8230; <\/p>\n<div><a href=\"https:\/\/revealyourchampion.ca\/fr\/agility\/\" class=\"more-link\">Read More<\/a><\/div>\n","protected":false},"author":13,"featured_media":0,"parent":0,"menu_order":0,"comment_status":"closed","ping_status":"closed","template":"template-blank-4.php","meta":{"_acf_changed":false,"footnotes":""},"class_list":["post-14839","page","type-page","status-publish","hentry","no-post-thumbnail"],"acf":[],"_links":{"self":[{"href":"https:\/\/revealyourchampion.ca\/fr\/wp-json\/wp\/v2\/pages\/14839","targetHints":{"allow":["GET"]}}],"collection":[{"href":"https:\/\/revealyourchampion.ca\/fr\/wp-json\/wp\/v2\/pages"}],"about":[{"href":"https:\/\/revealyourchampion.ca\/fr\/wp-json\/wp\/v2\/types\/page"}],"author":[{"embeddable":true,"href":"https:\/\/revealyourchampion.ca\/fr\/wp-json\/wp\/v2\/users\/13"}],"replies":[{"embeddable":true,"href":"https:\/\/revealyourchampion.ca\/fr\/wp-json\/wp\/v2\/comments?post=14839"}],"version-history":[{"count":0,"href":"https:\/\/revealyourchampion.ca\/fr\/wp-json\/wp\/v2\/pages\/14839\/revisions"}],"wp:attachment":[{"href":"https:\/\/revealyourchampion.ca\/fr\/wp-json\/wp\/v2\/media?parent=14839"}],"curies":[{"name":"wp","href":"https:\/\/api.w.org\/{rel}","templated":true}]}}